{"id":4799,"date":"2025-04-22T19:05:27","date_gmt":"2025-04-23T01:05:27","guid":{"rendered":"https:\/\/unconventionalatx.com\/?page_id=4799"},"modified":"2026-04-27T13:40:24","modified_gmt":"2026-04-27T19:40:24","slug":"construction-alerts","status":"publish","type":"page","link":"https:\/\/unconventionalatx.com\/vi\/construction-alerts\/","title":{"rendered":"Construction Alerts"},"content":{"rendered":"<div data-elementor-type=\"wp-page\" data-elementor-id=\"4799\" class=\"elementor elementor-4799\" data-elementor-post-type=\"page\">\n\t\t\t\t<div data-particle_enable=\"false\" data-particle-mobile-disabled=\"false\" class=\"elementor-element elementor-element-f8008b1 e-flex e-con-boxed e-con e-parent\" data-id=\"f8008b1\" data-element_type=\"container\" data-e-type=\"container\" id=\"hero-angle-z\" data-settings=\"{&quot;background_background&quot;:&quot;classic&quot;,&quot;shape_divider_bottom&quot;:&quot;triangle-asymmetrical&quot;,&quot;shape_divider_bottom_negative&quot;:&quot;yes&quot;,&quot;jet_parallax_layout_list&quot;:[]}\">\n\t\t\t\t\t<div class=\"e-con-inner\">\n\t\t\t\t<div class=\"elementor-shape elementor-shape-bottom\" aria-hidden=\"true\" data-negative=\"true\">\n\t\t\t<svg xmlns=\"http:\/\/www.w3.org\/2000\/svg\" viewbox=\"0 0 1000 100\" preserveaspectratio=\"none\">\n\t<path class=\"elementor-shape-fill\" d=\"M737.9,94.7L0,0v100h1000V0L737.9,94.7z\"\/>\n<\/svg>\t\t<\/div>\n\t\t\t\t<div class=\"elementor-element elementor-element-a337caa elementor-widget elementor-widget-heading\" data-id=\"a337caa\" data-element_type=\"widget\" data-e-type=\"widget\" data-widget_type=\"heading.default\">\n\t\t\t\t<div class=\"elementor-widget-container\">\n\t\t\t\t\t<h1 class=\"elementor-heading-title elementor-size-default\">Construction Alerts<\/h1>\t\t\t\t<\/div>\n\t\t\t\t<\/div>\n\t\t\t\t\t<\/div>\n\t\t\t\t<\/div>\n\t\t<div data-particle_enable=\"false\" data-particle-mobile-disabled=\"false\" class=\"elementor-element elementor-element-571109b e-flex e-con-boxed e-con e-parent\" data-id=\"571109b\" data-element_type=\"container\" data-e-type=\"container\" data-settings=\"{&quot;jet_parallax_layout_list&quot;:[]}\">\n\t\t\t\t\t<div class=\"e-con-inner\">\n\t\t\t\t<div class=\"elementor-element elementor-element-fa9471d elementor-widget elementor-widget-heading\" data-id=\"fa9471d\" data-element_type=\"widget\" data-e-type=\"widget\" data-widget_type=\"heading.default\">\n\t\t\t\t<div class=\"elementor-widget-container\">\n\t\t\t\t\t<h3 class=\"elementor-heading-title elementor-size-default\">Construction schedule: Week of 4\/27\/26<\/h3>\t\t\t\t<\/div>\n\t\t\t\t<\/div>\n\t\t\t\t<div class=\"elementor-element elementor-element-80fb7be elementor-widget elementor-widget-text-editor\" data-id=\"80fb7be\" data-element_type=\"widget\" data-e-type=\"widget\" data-widget_type=\"text-editor.default\">\n\t\t\t\t<div class=\"elementor-widget-container\">\n\t\t\t\t\t\t\t\t\t<p><strong style=\"background-color: transparent;\">NOTABLE ACTIVITIES<\/strong><\/p><p><strong style=\"background-color: transparent;\">Thursday, April 30 &#8211; Early Morning Concrete Pour (3:00 AM start)<\/strong><\/p><p>Concrete placement for one of the building\u2019s structural foundation elements will begin early Thursday morning. Concrete trucks will access the site via Trinity Street (northbound).<\/p><ul class=\"ul1\"><li class=\"li1\"><strong>ONGOING WORK<\/strong><strong><br \/><\/strong>Excavation and hauling activities will run from <strong>7:00 AM<\/strong> to <strong>10:00 PM<\/strong> \u00a0to help keep the project on schedule, reduce the overall duration of construction impacts, and support ongoing concrete operations.<p>These hours fall within the City\u2019s allowable extended construction window, which permits activity from <strong>6:00 AM<\/strong> to <strong>10:30 PM<\/strong>. Weekend work hours will remain unchanged, with operations limited to <strong>8:00 AM<\/strong>\u00a0to <strong>7:00 PM<\/strong>.<\/p><\/li><\/ul>\t\t\t\t\t\t\t\t<\/div>\n\t\t\t\t<\/div>\n\t\t\t\t\t<\/div>\n\t\t\t\t<\/div>\n\t\t<div data-particle_enable=\"false\" data-particle-mobile-disabled=\"false\" class=\"elementor-element elementor-element-b892d7b e-flex e-con-boxed e-con e-parent\" data-id=\"b892d7b\" data-element_type=\"container\" data-e-type=\"container\" data-settings=\"{&quot;jet_parallax_layout_list&quot;:[]}\">\n\t\t\t\t\t<div class=\"e-con-inner\">\n\t\t<div data-particle_enable=\"false\" data-particle-mobile-disabled=\"false\" class=\"elementor-element elementor-element-eb43a6c e-con-full e-flex e-con e-child\" data-id=\"eb43a6c\" data-element_type=\"container\" data-e-type=\"container\" data-settings=\"{&quot;jet_parallax_layout_list&quot;:[]}\">\n\t\t\t\t<div class=\"elementor-element elementor-element-4adec18 elementor-widget elementor-widget-heading\" data-id=\"4adec18\" data-element_type=\"widget\" data-e-type=\"widget\" data-widget_type=\"heading.default\">\n\t\t\t\t<div class=\"elementor-widget-container\">\n\t\t\t\t\t<h3 class=\"elementor-heading-title elementor-size-default\">Noise &amp; Mitigation Efforts <\/h3>\t\t\t\t<\/div>\n\t\t\t\t<\/div>\n\t\t\t\t<div class=\"elementor-element elementor-element-39725bf elementor-widget elementor-widget-text-editor\" data-id=\"39725bf\" data-element_type=\"widget\" data-e-type=\"widget\" data-widget_type=\"text-editor.default\">\n\t\t\t\t<div class=\"elementor-widget-container\">\n\t\t\t\t\t\t\t\t\t<p>We recognize the inconvenience of construction activity for our neighbors and remain committed to implementing and refining mitigation measures. Current and expanded efforts include:<\/p><ul><li>Use of sound blankets and localized equipment shielding<\/li><li>Ongoing noise monitoring, including decibel tracking to ensure compliance with City thresholds<\/li><li>Limiting higher-impact activities during evening hours where feasible<\/li><li>Evaluating additional mitigation strategies as work progresses<\/li><\/ul>\t\t\t\t\t\t\t\t<\/div>\n\t\t\t\t<\/div>\n\t\t\t\t<\/div>\n\t\t\t\t\t<\/div>\n\t\t\t\t<\/div>\n\t\t<div data-particle_enable=\"false\" data-particle-mobile-disabled=\"false\" class=\"elementor-element elementor-element-d702fea e-flex e-con-boxed e-con e-parent\" data-id=\"d702fea\" data-element_type=\"container\" data-e-type=\"container\" data-settings=\"{&quot;jet_parallax_layout_list&quot;:[]}\">\n\t\t\t\t\t<div class=\"e-con-inner\">\n\t\t\t\t<div class=\"elementor-element elementor-element-fa48565 elementor-widget elementor-widget-heading\" data-id=\"fa48565\" data-element_type=\"widget\" data-e-type=\"widget\" data-widget_type=\"heading.default\">\n\t\t\t\t<div class=\"elementor-widget-container\">\n\t\t\t\t\t<h3 class=\"elementor-heading-title elementor-size-default\">K\u1ebf ho\u1ea1ch giao th\u00f4ng xung quanh khu v\u1ef1c t\u00e1i ph\u00e1t tri\u1ec3n<\/h3>\t\t\t\t<\/div>\n\t\t\t\t<\/div>\n\t\t\t\t<div class=\"elementor-element elementor-element-4d16e33 elementor-widget elementor-widget-text-editor\" data-id=\"4d16e33\" data-element_type=\"widget\" data-e-type=\"widget\" data-widget_type=\"text-editor.default\">\n\t\t\t\t<div class=\"elementor-widget-container\">\n\t\t\t\t\t\t\t\t\t<p><span style=\"font-weight: 400;\">Trong qu\u00e1 tr\u00ecnh x\u00e2y d\u1ef1ng, m\u1ed9t k\u1ebf ho\u1ea1ch ki\u1ec3m so\u00e1t giao th\u00f4ng \u0111\u1ea3m b\u1ea3o quy\u1ec1n ti\u1ebfp c\u1eadn v\u00e0 an to\u00e0n cho ng\u01b0\u1eddi \u0111i b\u1ed9 v\u00e0 ng\u01b0\u1eddi \u0111i xe \u0111\u1ea1p di chuy\u1ec3n gi\u1eefa ph\u00eda \u0111\u00f4ng v\u00e0 ph\u00eda t\u00e2y trong khu v\u1ef1c Trung t\u00e2m H\u1ed9i ngh\u1ecb. M\u1ed9t tuy\u1ebfn \u0111\u01b0\u1eddng xe t\u1ea3i \u0111\u01b0\u1ee3c x\u00e1c \u0111\u1ecbnh s\u1ebd gi\u1ea3m thi\u1ec3u t\u00e1c \u0111\u1ed9ng giao th\u00f4ng v\u1edbi m\u1ed9t con \u0111\u01b0\u1eddng m\u1ed9t chi\u1ec1u cho xe t\u1ea3i.<\/span><\/p>\t\t\t\t\t\t\t\t<\/div>\n\t\t\t\t<\/div>\n\t\t\t\t<div class=\"elementor-element elementor-element-7b5200a elementor-widget elementor-widget-image\" data-id=\"7b5200a\" data-element_type=\"widget\" data-e-type=\"widget\" data-widget_type=\"image.default\">\n\t\t\t\t<div class=\"elementor-widget-container\">\n\t\t\t\t\t\t\t\t\t\t\t\t\t\t\t<img fetchpriority=\"high\" decoding=\"async\" width=\"2560\" height=\"2443\" src=\"https:\/\/unconventionalatx.com\/wp-content\/uploads\/2025\/04\/Pedistrian-Map@10x-scaled.png\" class=\"attachment-full size-full wp-image-4958\" alt=\"Pedestrian Map\" srcset=\"https:\/\/unconventionalatx.com\/wp-content\/uploads\/2025\/04\/Pedistrian-Map@10x-scaled.png 2560w, https:\/\/unconventionalatx.com\/wp-content\/uploads\/2025\/04\/Pedistrian-Map@10x-300x286.png 300w, https:\/\/unconventionalatx.com\/wp-content\/uploads\/2025\/04\/Pedistrian-Map@10x-1024x977.png 1024w, https:\/\/unconventionalatx.com\/wp-content\/uploads\/2025\/04\/Pedistrian-Map@10x-768x733.png 768w, https:\/\/unconventionalatx.com\/wp-content\/uploads\/2025\/04\/Pedistrian-Map@10x-1536x1466.png 1536w, https:\/\/unconventionalatx.com\/wp-content\/uploads\/2025\/04\/Pedistrian-Map@10x-2048x1955.png 2048w, https:\/\/unconventionalatx.com\/wp-content\/uploads\/2025\/04\/Pedistrian-Map@10x-13x12.png 13w\" sizes=\"(max-width: 2560px) 100vw, 2560px\" \/>\t\t\t\t\t\t\t\t\t\t\t\t\t\t\t<\/div>\n\t\t\t\t<\/div>\n\t\t\t\t\t<\/div>\n\t\t\t\t<\/div>\n\t\t<div data-particle_enable=\"false\" data-particle-mobile-disabled=\"false\" class=\"elementor-element elementor-element-ae8065e e-flex e-con-boxed e-con e-parent\" data-id=\"ae8065e\" data-element_type=\"container\" data-e-type=\"container\" id=\"traffic-alert-iframe\" data-settings=\"{&quot;jet_parallax_layout_list&quot;:[]}\">\n\t\t\t\t\t<div class=\"e-con-inner\">\n\t\t\t\t<div class=\"elementor-element elementor-element-53b268c elementor-widget elementor-widget-heading\" data-id=\"53b268c\" data-element_type=\"widget\" data-e-type=\"widget\" data-widget_type=\"heading.default\">\n\t\t\t\t<div class=\"elementor-widget-container\">\n\t\t\t\t\t<h3 class=\"elementor-heading-title elementor-size-default\">T\u00ecnh tr\u1ea1ng \u0111\u00f3ng \u0111\u01b0\u1eddng hi\u1ec7n t\u1ea1i v\u00e0 t\u01b0\u01a1ng lai<\/h3>\t\t\t\t<\/div>\n\t\t\t\t<\/div>\n\t\t\t\t<div class=\"elementor-element elementor-element-e262bdc elementor-widget elementor-widget-text-editor\" data-id=\"e262bdc\" data-element_type=\"widget\" data-e-type=\"widget\" data-widget_type=\"text-editor.default\">\n\t\t\t\t<div class=\"elementor-widget-container\">\n\t\t\t\t\t\t\t\t\t<p><span style=\"font-weight: 400;\">\u0110\u01b0\u1ee3c c\u1eadp nh\u1eadt th\u01b0\u1eddng xuy\u00ean, B\u1ea3n \u0111\u1ed3 Khu v\u1ef1c thi c\u00f4ng AMANDA hi\u1ec3n th\u1ecb t\u1ea5t c\u1ea3 c\u00e1c tuy\u1ebfn \u0111\u01b0\u1eddng b\u1ecb \u0111\u00f3ng v\u00e0 ng\u00e0y \u0111\u00f3ng trong khu v\u1ef1c Austin, bao g\u1ed3m c\u1ea3 c\u00e1c tuy\u1ebfn \u0111\u01b0\u1eddng b\u1ecb \u0111\u00f3ng li\u00ean quan \u0111\u1ebfn vi\u1ec7c t\u00e1i ph\u00e1t tri\u1ec3n Trung t\u00e2m H\u1ed9i ngh\u1ecb.<\/span><\/p>\t\t\t\t\t\t\t\t<\/div>\n\t\t\t\t<\/div>\n\t\t<div data-particle_enable=\"false\" data-particle-mobile-disabled=\"false\" class=\"elementor-element elementor-element-265119b e-con-full e-flex e-con e-child\" data-id=\"265119b\" data-element_type=\"container\" data-e-type=\"container\" data-settings=\"{&quot;jet_parallax_layout_list&quot;:[],&quot;background_background&quot;:&quot;classic&quot;}\">\n\t\t\t\t<div class=\"elementor-element elementor-element-396357e elementor-hidden-tablet elementor-hidden-mobile_extra elementor-hidden-mobile elementor-widget elementor-widget-html\" data-id=\"396357e\" data-element_type=\"widget\" data-e-type=\"widget\" data-widget_type=\"html.default\">\n\t\t\t\t<div class=\"elementor-widget-container\">\n\t\t\t\t\t<iframe allow=\"geolocation\" src=\"https:\/\/data.austintexas.gov\/dataset\/AMANDA-Roadway-Work-Zones\/m39r-fuyi\/embed?width=1000&height=625\" width=\"1000\" height=\"625\" style=\"border:0; padding: 0; margin: 0;\"><\/iframe>\t\t\t\t<\/div>\n\t\t\t\t<\/div>\n\t\t\t\t<div class=\"elementor-element elementor-element-e2cbc38 elementor-hidden-widescreen elementor-hidden-desktop elementor-hidden-laptop elementor-hidden-mobile elementor-widget elementor-widget-html\" data-id=\"e2cbc38\" data-element_type=\"widget\" data-e-type=\"widget\" data-widget_type=\"html.default\">\n\t\t\t\t<div class=\"elementor-widget-container\">\n\t\t\t\t\t<iframe allow=\"geolocation\" src=\"https:\/\/data.austintexas.gov\/dataset\/AMANDA-Roadway-Work-Zones\/m39r-fuyi\/embed?width=800&height=600\" width=\"800\" height=\"600\" style=\"border:0; padding: 0; margin: 0;\"><\/iframe>\t\t\t\t<\/div>\n\t\t\t\t<\/div>\n\t\t\t\t<div class=\"elementor-element elementor-element-63d4ebc elementor-hidden-widescreen elementor-hidden-desktop elementor-hidden-laptop elementor-hidden-tablet elementor-hidden-mobile_extra elementor-widget elementor-widget-html\" data-id=\"63d4ebc\" data-element_type=\"widget\" data-e-type=\"widget\" data-widget_type=\"html.default\">\n\t\t\t\t<div class=\"elementor-widget-container\">\n\t\t\t\t\t<iframe allow=\"geolocation\" src=\"https:\/\/data.austintexas.gov\/dataset\/AMANDA-Roadway-Work-Zones\/m39r-fuyi\/embed?width=300&height=350\" width=\"300\" height=\"350\" style=\"border:0; padding: 0; margin: 0;background-color:#ECF1F4;\"><\/iframe>\t\t\t\t<\/div>\n\t\t\t\t<\/div>\n\t\t\t\t<\/div>\n\t\t\t\t\t<\/div>\n\t\t\t\t<\/div>\n\t\t<div data-particle_enable=\"false\" data-particle-mobile-disabled=\"false\" class=\"elementor-element elementor-element-3b7ac80 e-con-full e-flex e-con e-parent\" data-id=\"3b7ac80\" data-element_type=\"container\" data-e-type=\"container\" data-settings=\"{&quot;jet_parallax_layout_list&quot;:[]}\">\n\t\t\t\t<div class=\"elementor-element elementor-element-7e39606 elementor-widget elementor-widget-spacer\" data-id=\"7e39606\" data-element_type=\"widget\" data-e-type=\"widget\" data-widget_type=\"spacer.default\">\n\t\t\t\t<div class=\"elementor-widget-container\">\n\t\t\t\t\t\t\t<div class=\"elementor-spacer\">\n\t\t\t<div class=\"elementor-spacer-inner\"><\/div>\n\t\t<\/div>\n\t\t\t\t\t\t<\/div>\n\t\t\t\t<\/div>\n\t\t\t\t<\/div>\n\t\t\t\t<\/div>","protected":false},"excerpt":{"rendered":"<p>Construction Alerts Construction schedule: Week of 4\/27\/26 NOTABLE ACTIVITIES Thursday, April 30 &#8211; Early Morning Concrete Pour (3:00 AM start) Concrete placement for one of the building\u2019s structural foundation elements will begin early Thursday morning. Concrete trucks will access the site via Trinity Street (northbound). ONGOING WORKExcavation and hauling activities will run from 7:00 AM [&hellip;]<\/p>\n","protected":false},"author":6,"featured_media":0,"parent":0,"menu_order":0,"comment_status":"closed","ping_status":"closed","template":"elementor_header_footer","meta":{"footnotes":""},"class_list":["post-4799","page","type-page","status-publish","hentry"],"yoast_head":"<!-- This site is optimized with the Yoast SEO plugin v27.4 - https:\/\/yoast.com\/product\/yoast-seo-wordpress\/ -->\n<title>Construction Alerts - Austin CC<\/title>\n<meta name=\"robots\" content=\"index, follow, max-snippet:-1, max-image-preview:large, max-video-preview:-1\" \/>\n<link rel=\"canonical\" href=\"https:\/\/unconventionalatx.com\/vi\/construction-alerts\/\" \/>\n<meta property=\"og:locale\" content=\"vi_VN\" \/>\n<meta property=\"og:type\" content=\"article\" \/>\n<meta property=\"og:title\" content=\"Construction Alerts - Austin CC\" \/>\n<meta property=\"og:description\" content=\"Construction Alerts Construction schedule: Week of 4\/27\/26 NOTABLE ACTIVITIES Thursday, April 30 &#8211; Early Morning Concrete Pour (3:00 AM start) Concrete placement for one of the building\u2019s structural foundation elements will begin early Thursday morning. Concrete trucks will access the site via Trinity Street (northbound). ONGOING WORKExcavation and hauling activities will run from 7:00 AM [&hellip;]\" \/>\n<meta property=\"og:url\" content=\"https:\/\/unconventionalatx.com\/vi\/construction-alerts\/\" \/>\n<meta property=\"og:site_name\" content=\"Austin CC\" \/>\n<meta property=\"article:modified_time\" content=\"2026-04-27T19:40:24+00:00\" \/>\n<meta property=\"og:image\" content=\"https:\/\/unconventionalatx.com\/wp-content\/uploads\/2025\/04\/Pedistrian-Map@10x-scaled.png\" \/>\n\t<meta property=\"og:image:width\" content=\"2560\" \/>\n\t<meta property=\"og:image:height\" content=\"2443\" \/>\n\t<meta property=\"og:image:type\" content=\"image\/png\" \/>\n<meta name=\"twitter:card\" content=\"summary_large_image\" \/>\n<meta name=\"twitter:label1\" content=\"\u01af\u1edbc t\u00ednh th\u1eddi gian \u0111\u1ecdc\" \/>\n\t<meta name=\"twitter:data1\" content=\"2 ph\u00fat\" \/>\n<script type=\"application\/ld+json\" class=\"yoast-schema-graph\">{\"@context\":\"https:\\\/\\\/schema.org\",\"@graph\":[{\"@type\":\"WebPage\",\"@id\":\"https:\\\/\\\/unconventionalatx.com\\\/construction-alerts\\\/\",\"url\":\"https:\\\/\\\/unconventionalatx.com\\\/construction-alerts\\\/\",\"name\":\"Construction Alerts - Austin CC\",\"isPartOf\":{\"@id\":\"https:\\\/\\\/unconventionalatx.com\\\/#website\"},\"primaryImageOfPage\":{\"@id\":\"https:\\\/\\\/unconventionalatx.com\\\/construction-alerts\\\/#primaryimage\"},\"image\":{\"@id\":\"https:\\\/\\\/unconventionalatx.com\\\/construction-alerts\\\/#primaryimage\"},\"thumbnailUrl\":\"https:\\\/\\\/unconventionalatx.com\\\/wp-content\\\/uploads\\\/2025\\\/04\\\/Pedistrian-Map@10x-scaled.png\",\"datePublished\":\"2025-04-23T01:05:27+00:00\",\"dateModified\":\"2026-04-27T19:40:24+00:00\",\"breadcrumb\":{\"@id\":\"https:\\\/\\\/unconventionalatx.com\\\/construction-alerts\\\/#breadcrumb\"},\"inLanguage\":\"vi\",\"potentialAction\":[{\"@type\":\"ReadAction\",\"target\":[\"https:\\\/\\\/unconventionalatx.com\\\/construction-alerts\\\/\"]}]},{\"@type\":\"ImageObject\",\"inLanguage\":\"vi\",\"@id\":\"https:\\\/\\\/unconventionalatx.com\\\/construction-alerts\\\/#primaryimage\",\"url\":\"https:\\\/\\\/unconventionalatx.com\\\/wp-content\\\/uploads\\\/2025\\\/04\\\/Pedistrian-Map@10x-scaled.png\",\"contentUrl\":\"https:\\\/\\\/unconventionalatx.com\\\/wp-content\\\/uploads\\\/2025\\\/04\\\/Pedistrian-Map@10x-scaled.png\"},{\"@type\":\"BreadcrumbList\",\"@id\":\"https:\\\/\\\/unconventionalatx.com\\\/construction-alerts\\\/#breadcrumb\",\"itemListElement\":[{\"@type\":\"ListItem\",\"position\":1,\"name\":\"Home\",\"item\":\"https:\\\/\\\/unconventionalatx.com\\\/\"},{\"@type\":\"ListItem\",\"position\":2,\"name\":\"Construction Alerts\"}]},{\"@type\":\"WebSite\",\"@id\":\"https:\\\/\\\/unconventionalatx.com\\\/#website\",\"url\":\"https:\\\/\\\/unconventionalatx.com\\\/\",\"name\":\"Austin CC\",\"description\":\"\",\"publisher\":{\"@id\":\"https:\\\/\\\/unconventionalatx.com\\\/#organization\"},\"potentialAction\":[{\"@type\":\"SearchAction\",\"target\":{\"@type\":\"EntryPoint\",\"urlTemplate\":\"https:\\\/\\\/unconventionalatx.com\\\/?s={search_term_string}\"},\"query-input\":{\"@type\":\"PropertyValueSpecification\",\"valueRequired\":true,\"valueName\":\"search_term_string\"}}],\"inLanguage\":\"vi\"},{\"@type\":\"Organization\",\"@id\":\"https:\\\/\\\/unconventionalatx.com\\\/#organization\",\"name\":\"Austin CC\",\"url\":\"https:\\\/\\\/unconventionalatx.com\\\/\",\"logo\":{\"@type\":\"ImageObject\",\"inLanguage\":\"vi\",\"@id\":\"https:\\\/\\\/unconventionalatx.com\\\/#\\\/schema\\\/logo\\\/image\\\/\",\"url\":\"https:\\\/\\\/unconventionalatx.com\\\/wp-content\\\/uploads\\\/2024\\\/12\\\/UnconventionalATX-Black-Logo.png\",\"contentUrl\":\"https:\\\/\\\/unconventionalatx.com\\\/wp-content\\\/uploads\\\/2024\\\/12\\\/UnconventionalATX-Black-Logo.png\",\"width\":500,\"height\":85,\"caption\":\"Austin CC\"},\"image\":{\"@id\":\"https:\\\/\\\/unconventionalatx.com\\\/#\\\/schema\\\/logo\\\/image\\\/\"}}]}<\/script>\n<!-- \/ Yoast SEO plugin. -->","yoast_head_json":{"title":"Construction Alerts - Austin CC","robots":{"index":"index","follow":"follow","max-snippet":"max-snippet:-1","max-image-preview":"max-image-preview:large","max-video-preview":"max-video-preview:-1"},"canonical":"https:\/\/unconventionalatx.com\/vi\/construction-alerts\/","og_locale":"vi_VN","og_type":"article","og_title":"Construction Alerts - Austin CC","og_description":"Construction Alerts Construction schedule: Week of 4\/27\/26 NOTABLE ACTIVITIES Thursday, April 30 &#8211; Early Morning Concrete Pour (3:00 AM start) Concrete placement for one of the building\u2019s structural foundation elements will begin early Thursday morning. Concrete trucks will access the site via Trinity Street (northbound). ONGOING WORKExcavation and hauling activities will run from 7:00 AM [&hellip;]","og_url":"https:\/\/unconventionalatx.com\/vi\/construction-alerts\/","og_site_name":"Austin CC","article_modified_time":"2026-04-27T19:40:24+00:00","og_image":[{"width":2560,"height":2443,"url":"https:\/\/unconventionalatx.com\/wp-content\/uploads\/2025\/04\/Pedistrian-Map@10x-scaled.png","type":"image\/png"}],"twitter_card":"summary_large_image","twitter_misc":{"\u01af\u1edbc t\u00ednh th\u1eddi gian \u0111\u1ecdc":"2 ph\u00fat"},"schema":{"@context":"https:\/\/schema.org","@graph":[{"@type":"WebPage","@id":"https:\/\/unconventionalatx.com\/construction-alerts\/","url":"https:\/\/unconventionalatx.com\/construction-alerts\/","name":"Construction Alerts - Austin CC","isPartOf":{"@id":"https:\/\/unconventionalatx.com\/#website"},"primaryImageOfPage":{"@id":"https:\/\/unconventionalatx.com\/construction-alerts\/#primaryimage"},"image":{"@id":"https:\/\/unconventionalatx.com\/construction-alerts\/#primaryimage"},"thumbnailUrl":"https:\/\/unconventionalatx.com\/wp-content\/uploads\/2025\/04\/Pedistrian-Map@10x-scaled.png","datePublished":"2025-04-23T01:05:27+00:00","dateModified":"2026-04-27T19:40:24+00:00","breadcrumb":{"@id":"https:\/\/unconventionalatx.com\/construction-alerts\/#breadcrumb"},"inLanguage":"vi","potentialAction":[{"@type":"ReadAction","target":["https:\/\/unconventionalatx.com\/construction-alerts\/"]}]},{"@type":"ImageObject","inLanguage":"vi","@id":"https:\/\/unconventionalatx.com\/construction-alerts\/#primaryimage","url":"https:\/\/unconventionalatx.com\/wp-content\/uploads\/2025\/04\/Pedistrian-Map@10x-scaled.png","contentUrl":"https:\/\/unconventionalatx.com\/wp-content\/uploads\/2025\/04\/Pedistrian-Map@10x-scaled.png"},{"@type":"BreadcrumbList","@id":"https:\/\/unconventionalatx.com\/construction-alerts\/#breadcrumb","itemListElement":[{"@type":"ListItem","position":1,"name":"Home","item":"https:\/\/unconventionalatx.com\/"},{"@type":"ListItem","position":2,"name":"Construction Alerts"}]},{"@type":"WebSite","@id":"https:\/\/unconventionalatx.com\/#website","url":"https:\/\/unconventionalatx.com\/","name":"Khu \u0111\u00f4 th\u1ecb Austin","description":"","publisher":{"@id":"https:\/\/unconventionalatx.com\/#organization"},"potentialAction":[{"@type":"SearchAction","target":{"@type":"EntryPoint","urlTemplate":"https:\/\/unconventionalatx.com\/?s={search_term_string}"},"query-input":{"@type":"PropertyValueSpecification","valueRequired":true,"valueName":"search_term_string"}}],"inLanguage":"vi"},{"@type":"Organization","@id":"https:\/\/unconventionalatx.com\/#organization","name":"Khu \u0111\u00f4 th\u1ecb Austin","url":"https:\/\/unconventionalatx.com\/","logo":{"@type":"ImageObject","inLanguage":"vi","@id":"https:\/\/unconventionalatx.com\/#\/schema\/logo\/image\/","url":"https:\/\/unconventionalatx.com\/wp-content\/uploads\/2024\/12\/UnconventionalATX-Black-Logo.png","contentUrl":"https:\/\/unconventionalatx.com\/wp-content\/uploads\/2024\/12\/UnconventionalATX-Black-Logo.png","width":500,"height":85,"caption":"Austin CC"},"image":{"@id":"https:\/\/unconventionalatx.com\/#\/schema\/logo\/image\/"}}]}},"_links":{"self":[{"href":"https:\/\/unconventionalatx.com\/vi\/wp-json\/wp\/v2\/pages\/4799","targetHints":{"allow":["GET"]}}],"collection":[{"href":"https:\/\/unconventionalatx.com\/vi\/wp-json\/wp\/v2\/pages"}],"about":[{"href":"https:\/\/unconventionalatx.com\/vi\/wp-json\/wp\/v2\/types\/page"}],"author":[{"embeddable":true,"href":"https:\/\/unconventionalatx.com\/vi\/wp-json\/wp\/v2\/users\/6"}],"replies":[{"embeddable":true,"href":"https:\/\/unconventionalatx.com\/vi\/wp-json\/wp\/v2\/comments?post=4799"}],"version-history":[{"count":86,"href":"https:\/\/unconventionalatx.com\/vi\/wp-json\/wp\/v2\/pages\/4799\/revisions"}],"predecessor-version":[{"id":7492,"href":"https:\/\/unconventionalatx.com\/vi\/wp-json\/wp\/v2\/pages\/4799\/revisions\/7492"}],"wp:attachment":[{"href":"https:\/\/unconventionalatx.com\/vi\/wp-json\/wp\/v2\/media?parent=4799"}],"curies":[{"name":"wp","href":"https:\/\/api.w.org\/{rel}","templated":true}]}}