{"id":2100,"date":"2025-01-15T08:04:21","date_gmt":"2025-01-15T14:04:21","guid":{"rendered":"https:\/\/unconventionalatx.com\/?page_id=2100"},"modified":"2025-05-13T16:41:39","modified_gmt":"2025-05-13T22:41:39","slug":"contact-us","status":"publish","type":"page","link":"https:\/\/unconventionalatx.com\/vi\/contact-us\/","title":{"rendered":"Li\u00ean h\u1ec7 v\u1edbi ch\u00fang t\u00f4i"},"content":{"rendered":"\t\t<div data-elementor-type=\"wp-page\" data-elementor-id=\"2100\" class=\"elementor elementor-2100\" data-elementor-post-type=\"page\">\n\t\t\t\t<div data-particle_enable=\"false\" data-particle-mobile-disabled=\"false\" class=\"elementor-element elementor-element-da0cded e-flex e-con-boxed e-con e-parent\" data-id=\"da0cded\" data-element_type=\"container\" data-e-type=\"container\" id=\"hero-angle-z\" data-settings=\"{&quot;background_background&quot;:&quot;classic&quot;,&quot;jet_parallax_layout_list&quot;:[]}\">\n\t\t\t\t\t<div class=\"e-con-inner\">\n\t\t<div data-particle_enable=\"false\" data-particle-mobile-disabled=\"false\" class=\"elementor-element elementor-element-d72c261 e-con-full e-flex e-con e-child\" data-id=\"d72c261\" data-element_type=\"container\" data-e-type=\"container\" id=\"hero-angle-z\" data-settings=\"{&quot;jet_parallax_layout_list&quot;:[]}\">\n\t\t\t\t<div class=\"elementor-element elementor-element-abd5ed2 elementor-widget elementor-widget-heading\" data-id=\"abd5ed2\" data-element_type=\"widget\" data-e-type=\"widget\" data-widget_type=\"heading.default\">\n\t\t\t\t<div class=\"elementor-widget-container\">\n\t\t\t\t\t<h1 class=\"elementor-heading-title elementor-size-default\">Contact Us<\/h1>\t\t\t\t<\/div>\n\t\t\t\t<\/div>\n\t\t\t\t<\/div>\n\t\t\t\t\t<\/div>\n\t\t\t\t<\/div>\n\t\t<div data-particle_enable=\"false\" data-particle-mobile-disabled=\"false\" class=\"elementor-element elementor-element-7f76d46 e-flex e-con-boxed e-con e-parent\" data-id=\"7f76d46\" data-element_type=\"container\" data-e-type=\"container\" id=\"hero-angle-z\" data-settings=\"{&quot;background_background&quot;:&quot;classic&quot;,&quot;shape_divider_bottom&quot;:&quot;triangle-asymmetrical&quot;,&quot;shape_divider_bottom_negative&quot;:&quot;yes&quot;,&quot;jet_parallax_layout_list&quot;:[]}\">\n\t\t\t\t\t<div class=\"e-con-inner\">\n\t\t\t\t<div class=\"elementor-shape elementor-shape-bottom\" aria-hidden=\"true\" data-negative=\"true\">\n\t\t\t<svg xmlns=\"http:\/\/www.w3.org\/2000\/svg\" viewBox=\"0 0 1000 100\" preserveAspectRatio=\"none\">\n\t<path class=\"elementor-shape-fill\" d=\"M737.9,94.7L0,0v100h1000V0L737.9,94.7z\"\/>\n<\/svg>\t\t<\/div>\n\t\t\t\t<div class=\"elementor-element elementor-element-d072200 elementor-widget elementor-widget-heading\" data-id=\"d072200\" data-element_type=\"widget\" data-e-type=\"widget\" data-widget_type=\"heading.default\">\n\t\t\t\t<div class=\"elementor-widget-container\">\n\t\t\t\t\t<h3 class=\"elementor-heading-title elementor-size-default\">We want to hear from you<\/h3>\t\t\t\t<\/div>\n\t\t\t\t<\/div>\n\t\t\t\t<div class=\"elementor-element elementor-element-cfd931c elementor-widget elementor-widget-heading\" data-id=\"cfd931c\" data-element_type=\"widget\" data-e-type=\"widget\" data-widget_type=\"heading.default\">\n\t\t\t\t<div class=\"elementor-widget-container\">\n\t\t\t\t\t<p class=\"elementor-heading-title elementor-size-default\">Connect with us to ask questions, share concerns, and give suggestions. \n<\/p>\t\t\t\t<\/div>\n\t\t\t\t<\/div>\n\t\t\t\t\t<\/div>\n\t\t\t\t<\/div>\n\t\t<div data-particle_enable=\"false\" data-particle-mobile-disabled=\"false\" class=\"elementor-element elementor-element-757816d e-flex e-con-boxed e-con e-parent\" data-id=\"757816d\" data-element_type=\"container\" data-e-type=\"container\" data-settings=\"{&quot;jet_parallax_layout_list&quot;:[]}\">\n\t\t\t\t\t<div class=\"e-con-inner\">\n\t\t<div data-particle_enable=\"false\" data-particle-mobile-disabled=\"false\" class=\"elementor-element elementor-element-906efee e-con-full e-flex e-con e-child\" data-id=\"906efee\" data-element_type=\"container\" data-e-type=\"container\" data-settings=\"{&quot;jet_parallax_layout_list&quot;:[]}\">\n\t\t\t\t<div class=\"elementor-element elementor-element-9f9ef74 elementor-widget elementor-widget-html\" data-id=\"9f9ef74\" data-element_type=\"widget\" data-e-type=\"widget\" data-widget_type=\"html.default\">\n\t\t\t\t<div class=\"elementor-widget-container\">\n\t\t\t\t\t<script>\njQuery(document).ready(function() {\n jQuery(\"#form-field-field_84b92bc\").attr(\"maxlength\",\"255\");\n });  \n <\/script>\n\t\t\t\t<\/div>\n\t\t\t\t<\/div>\n\t\t\t\t<div class=\"elementor-element elementor-element-5698bcd elementor-button-align-start elementor-mobile-button-align-stretch elementor-widget elementor-widget-form\" data-id=\"5698bcd\" data-element_type=\"widget\" data-e-type=\"widget\" id=\"contact-form-styles\" data-settings=\"{&quot;step_next_label&quot;:&quot;Next&quot;,&quot;step_previous_label&quot;:&quot;Previous&quot;,&quot;button_width&quot;:&quot;100&quot;,&quot;step_type&quot;:&quot;number_text&quot;,&quot;step_icon_shape&quot;:&quot;circle&quot;}\" data-widget_type=\"form.default\">\n\t\t\t\t<div class=\"elementor-widget-container\">\n\t\t\t\t\t\t\t<form class=\"elementor-form\" method=\"post\" id=\"contact_form\" name=\"Contact Form\" aria-label=\"Contact Form\">\n\t\t\t<input type=\"hidden\" name=\"post_id\" value=\"2100\"\/>\n\t\t\t<input type=\"hidden\" name=\"form_id\" value=\"5698bcd\"\/>\n\t\t\t<input type=\"hidden\" name=\"referer_title\" value=\"Contact Us - Austin CC\" \/>\n\n\t\t\t\t\t\t\t<input type=\"hidden\" name=\"queried_id\" value=\"2100\"\/>\n\t\t\t\n\t\t\t<div class=\"elementor-form-fields-wrapper elementor-labels-above\">\n\t\t\t\t\t\t\t\t<div class=\"elementor-field-type-text elementor-field-group elementor-column elementor-field-group-FNAME elementor-col-40 elementor-field-required elementor-mark-required\">\n\t\t\t\t\t\t\t\t\t\t\t\t<label for=\"form-field-FNAME\" class=\"elementor-field-label\">\n\t\t\t\t\t\t\t\tFirst Name\t\t\t\t\t\t\t<\/label>\n\t\t\t\t\t\t\t\t\t\t\t\t\t\t<input size=\"1\" type=\"text\" name=\"form_fields[FNAME]\" id=\"form-field-FNAME\" class=\"elementor-field elementor-size-sm  elementor-field-textual\" placeholder=\"Enter your first name\" required=\"required\">\n\t\t\t\t\t\t\t\t\t\t\t<\/div>\n\t\t\t\t\t\t\t\t<div class=\"elementor-field-type-text elementor-field-group elementor-column elementor-field-group-last_name elementor-col-40\">\n\t\t\t\t\t\t\t\t\t\t\t\t<label for=\"form-field-last_name\" class=\"elementor-field-label\">\n\t\t\t\t\t\t\t\tLast Name\t\t\t\t\t\t\t<\/label>\n\t\t\t\t\t\t\t\t\t\t\t\t\t\t<input size=\"1\" type=\"text\" name=\"form_fields[last_name]\" id=\"form-field-last_name\" class=\"elementor-field elementor-size-sm  elementor-field-textual\" placeholder=\"Enter your last name\">\n\t\t\t\t\t\t\t\t\t\t\t<\/div>\n\t\t\t\t\t\t\t\t<div class=\"elementor-field-type-email elementor-field-group elementor-column elementor-field-group-email elementor-col-40 elementor-field-required elementor-mark-required\">\n\t\t\t\t\t\t\t\t\t\t\t\t<label for=\"form-field-email\" class=\"elementor-field-label\">\n\t\t\t\t\t\t\t\tEmail\t\t\t\t\t\t\t<\/label>\n\t\t\t\t\t\t\t\t\t\t\t\t\t\t<input size=\"1\" type=\"email\" name=\"form_fields[email]\" id=\"form-field-email\" class=\"elementor-field elementor-size-sm  elementor-field-textual\" placeholder=\"Enter your email\" required=\"required\">\n\t\t\t\t\t\t\t\t\t\t\t<\/div>\n\t\t\t\t\t\t\t\t<div class=\"elementor-field-type-tel elementor-field-group elementor-column elementor-field-group-phone elementor-col-100\">\n\t\t\t\t\t\t\t\t\t\t\t\t<label for=\"form-field-phone\" class=\"elementor-field-label\">\n\t\t\t\t\t\t\t\tPhone\t\t\t\t\t\t\t<\/label>\n\t\t\t\t\t\t\t\t<input size=\"1\" type=\"tel\" name=\"form_fields[phone]\" id=\"form-field-phone\" class=\"elementor-field elementor-size-sm  elementor-field-textual\" placeholder=\"Enter your mobile number\" pattern=\"[0-9()#&amp;+*-=.]+\" title=\"Only numbers and phone characters (#, -, *, etc) are accepted.\">\n\n\t\t\t\t\t\t<\/div>\n\t\t\t\t\t\t\t\t<div class=\"elementor-field-type-select elementor-field-group elementor-column elementor-field-group-category elementor-col-40 elementor-field-required elementor-mark-required\">\n\t\t\t\t\t\t\t\t\t\t\t\t<label for=\"form-field-category\" class=\"elementor-field-label\">\n\t\t\t\t\t\t\t\tChoose a Category\t\t\t\t\t\t\t<\/label>\n\t\t\t\t\t\t\t\t<div class=\"elementor-field elementor-select-wrapper remove-before \">\n\t\t\t<div class=\"select-caret-down-wrapper\">\n\t\t\t\t<svg aria-hidden=\"true\" class=\"e-font-icon-svg e-eicon-caret-down\" viewBox=\"0 0 571.4 571.4\" xmlns=\"http:\/\/www.w3.org\/2000\/svg\"><path d=\"M571 393Q571 407 561 418L311 668Q300 679 286 679T261 668L11 418Q0 407 0 393T11 368 36 357H536Q550 357 561 368T571 393Z\"><\/path><\/svg>\t\t\t<\/div>\n\t\t\t<select name=\"form_fields[category]\" id=\"form-field-category\" class=\"elementor-field-textual elementor-size-sm\" required=\"required\">\n\t\t\t\t\t\t\t\t\t<option value=\"\"><\/option>\n\t\t\t\t\t\t\t\t\t<option value=\"Construction questions\">Construction questions<\/option>\n\t\t\t\t\t\t\t\t\t<option value=\"Media inquiry\">Media inquiry<\/option>\n\t\t\t\t\t\t\t\t\t<option value=\"Speaker request\">Speaker request<\/option>\n\t\t\t\t\t\t\t\t\t<option value=\"General\">General<\/option>\n\t\t\t\t\t\t\t<\/select>\n\t\t<\/div>\n\t\t\t\t\t\t<\/div>\n\t\t\t\t\t\t\t\t<div class=\"elementor-field-type-text elementor-field-group elementor-column elementor-field-group-organization elementor-col-40\">\n\t\t\t\t\t\t\t\t\t\t\t\t<label for=\"form-field-organization\" class=\"elementor-field-label\">\n\t\t\t\t\t\t\t\tOrganization\t\t\t\t\t\t\t<\/label>\n\t\t\t\t\t\t\t\t\t\t\t\t\t\t<input size=\"1\" type=\"text\" name=\"form_fields[organization]\" id=\"form-field-organization\" class=\"elementor-field elementor-size-sm  elementor-field-textual\" placeholder=\"Name of your organization\">\n\t\t\t\t\t\t\t\t\t\t\t<\/div>\n\t\t\t\t\t\t\t\t<div class=\"elementor-field-type-textarea elementor-field-group elementor-column elementor-field-group-message elementor-col-100 elementor-field-required elementor-mark-required\">\n\t\t\t\t\t\t\t\t\t\t\t\t<label for=\"form-field-message\" class=\"elementor-field-label\">\n\t\t\t\t\t\t\t\tMessage\t\t\t\t\t\t\t<\/label>\n\t\t\t\t\t\t<textarea class=\"elementor-field-textual elementor-field  elementor-size-sm\" name=\"form_fields[message]\" id=\"form-field-message\" rows=\"4\" placeholder=\"Enter your message\" required=\"required\"><\/textarea>\t\t\t\t<\/div>\n\t\t\t\t\t\t\t\t<div class=\"elementor-field-type-checkbox elementor-field-group elementor-column elementor-field-group-followup1 elementor-col-100\">\n\t\t\t\t\t<div class=\"elementor-field-subgroup  \"><span class=\"elementor-field-option\"><input type=\"checkbox\" value=\"I live or work within a half-mile of the Austin Convention Center\" id=\"form-field-followup1-0\" name=\"form_fields[followup1]\"> <label for=\"form-field-followup1-0\">I live or work within a half-mile of the Austin Convention Center<\/label><\/span><\/div>\t\t\t\t<\/div>\n\t\t\t\t\t\t\t\t<div class=\"elementor-field-type-checkbox elementor-field-group elementor-column elementor-field-group-followup2 elementor-col-100\">\n\t\t\t\t\t<div class=\"elementor-field-subgroup  \"><span class=\"elementor-field-option\"><input type=\"checkbox\" value=\"Sign up for newsletter\" id=\"form-field-followup2-0\" name=\"form_fields[followup2]\"> <label for=\"form-field-followup2-0\">Sign up for newsletter<\/label><\/span><\/div>\t\t\t\t<\/div>\n\t\t\t\t\t\t\t\t<div class=\"elementor-field-type-html elementor-field-group elementor-column elementor-field-group-field_66739bc elementor-col-100\">\n\t\t\t\t\t<br><span style=\"color:#000\">Interested in browsing active solicitations for City of Austin Projects? <a href=\"https:\/\/financeonline.austintexas.gov\/afo\/account_services\/solicitation\/solicitations.cfm\" target=\"_blank\">Browse opportunities.<\/a><\/span>\t\t\t\t<\/div>\n\t\t\t\t\t\t\t\t<div class=\"elementor-field-type-html elementor-field-group elementor-column elementor-field-group-field_3a70d92 elementor-col-100\">\n\t\t\t\t\t<span style=\"color:#000\">Plan an event at the Palmer Event Center. <a href=\"https:\/\/www.palmereventscenter.com\/\" target=\"_blank\">Request a proposal.<\/a><\/span>\t\t\t\t<\/div>\n\t\t\t\t\t\t\t\t<div class=\"elementor-field-type-html elementor-field-group elementor-column elementor-field-group-field_933589c elementor-col-100\">\n\t\t\t\t\t<span style=\"color:#000\">Plan an event 2029 and beyond at the new Austin Convention Center. <a href=\"https:\/\/www.austinconventioncenter.com\/request-a-proposal\/\" target=\"_blank\">Request a proposal.<\/a><\/span>\t\t\t\t<\/div>\n\t\t\t\t\t\t\t\t<div class=\"elementor-field-group elementor-column elementor-field-type-submit elementor-col-100 e-form__buttons\">\n\t\t\t\t\t<button class=\"elementor-button elementor-size-sm\" type=\"submit\">\n\t\t\t\t\t\t<span class=\"elementor-button-content-wrapper\">\n\t\t\t\t\t\t\t\t\t\t\t\t\t\t\t\t\t\t\t\t\t\t<span class=\"elementor-button-text\">Send<\/span>\n\t\t\t\t\t\t\t\t\t\t\t\t\t<\/span>\n\t\t\t\t\t<\/button>\n\t\t\t\t<\/div>\n\t\t\t<\/div>\n\t\t<\/form>\n\t\t\t\t\t\t<\/div>\n\t\t\t\t<\/div>\n\t\t\t\t<\/div>\n\t\t\t\t\t<\/div>\n\t\t\t\t<\/div>\n\t\t<div data-particle_enable=\"false\" data-particle-mobile-disabled=\"false\" class=\"elementor-element elementor-element-f8ac781 e-con-full e-flex e-con e-parent\" data-id=\"f8ac781\" data-element_type=\"container\" data-e-type=\"container\" data-settings=\"{&quot;jet_parallax_layout_list&quot;:[]}\">\n\t\t\t\t<div class=\"elementor-element elementor-element-1205e34 elementor-widget elementor-widget-spacer\" data-id=\"1205e34\" data-element_type=\"widget\" data-e-type=\"widget\" data-widget_type=\"spacer.default\">\n\t\t\t\t<div class=\"elementor-widget-container\">\n\t\t\t\t\t\t\t<div class=\"elementor-spacer\">\n\t\t\t<div class=\"elementor-spacer-inner\"><\/div>\n\t\t<\/div>\n\t\t\t\t\t\t<\/div>\n\t\t\t\t<\/div>\n\t\t\t\t<\/div>\n\t\t<div data-particle_enable=\"false\" data-particle-mobile-disabled=\"false\" class=\"elementor-element elementor-element-41b99a7 e-flex e-con-boxed e-con e-parent\" data-id=\"41b99a7\" data-element_type=\"container\" data-e-type=\"container\" data-settings=\"{&quot;jet_parallax_layout_list&quot;:[]}\">\n\t\t\t\t\t<div class=\"e-con-inner\">\n\t\t\t\t\t<\/div>\n\t\t\t\t<\/div>\n\t\t\t\t<\/div>\n\t\t","protected":false},"excerpt":{"rendered":"<p>Li\u00ean h\u1ec7 v\u1edbi ch\u00fang t\u00f4i Ch\u00fang t\u00f4i mu\u1ed1n l\u1eafng nghe \u00fd ki\u1ebfn c\u1ee7a b\u1ea1n K\u1ebft n\u1ed1i v\u1edbi ch\u00fang t\u00f4i \u0111\u1ec3 \u0111\u1eb7t c\u00e2u h\u1ecfi, chia s\u1ebb m\u1ed1i quan t\u00e2m v\u00e0 \u0111\u01b0a ra g\u1ee3i \u00fd.<\/p>","protected":false},"author":6,"featured_media":0,"parent":0,"menu_order":0,"comment_status":"closed","ping_status":"closed","template":"","meta":{"footnotes":""},"class_list":["post-2100","page","type-page","status-publish","hentry"],"yoast_head":"<!-- This site is optimized with the Yoast SEO plugin v27.4 - https:\/\/yoast.com\/product\/yoast-seo-wordpress\/ -->\n<title>Contact Us - Austin CC<\/title>\n<meta name=\"robots\" content=\"index, follow, max-snippet:-1, max-image-preview:large, max-video-preview:-1\" \/>\n<link rel=\"canonical\" href=\"https:\/\/unconventionalatx.com\/vi\/contact-us\/\" \/>\n<meta property=\"og:locale\" content=\"vi_VN\" \/>\n<meta property=\"og:type\" content=\"article\" \/>\n<meta property=\"og:title\" content=\"Contact Us - Austin CC\" \/>\n<meta property=\"og:description\" content=\"Contact Us We want to hear from you Connect with us to ask questions, share concerns, and give suggestions.\" \/>\n<meta property=\"og:url\" content=\"https:\/\/unconventionalatx.com\/vi\/contact-us\/\" \/>\n<meta property=\"og:site_name\" content=\"Austin CC\" \/>\n<meta property=\"article:modified_time\" content=\"2025-05-13T22:41:39+00:00\" \/>\n<meta name=\"twitter:card\" content=\"summary_large_image\" \/>\n<meta name=\"twitter:label1\" content=\"\u01af\u1edbc t\u00ednh th\u1eddi gian \u0111\u1ecdc\" \/>\n\t<meta name=\"twitter:data1\" content=\"1 ph\u00fat\" \/>\n<script type=\"application\/ld+json\" class=\"yoast-schema-graph\">{\"@context\":\"https:\\\/\\\/schema.org\",\"@graph\":[{\"@type\":\"WebPage\",\"@id\":\"https:\\\/\\\/unconventionalatx.com\\\/contact-us\\\/\",\"url\":\"https:\\\/\\\/unconventionalatx.com\\\/contact-us\\\/\",\"name\":\"Contact Us - Austin CC\",\"isPartOf\":{\"@id\":\"https:\\\/\\\/unconventionalatx.com\\\/#website\"},\"datePublished\":\"2025-01-15T14:04:21+00:00\",\"dateModified\":\"2025-05-13T22:41:39+00:00\",\"breadcrumb\":{\"@id\":\"https:\\\/\\\/unconventionalatx.com\\\/contact-us\\\/#breadcrumb\"},\"inLanguage\":\"vi\",\"potentialAction\":[{\"@type\":\"ReadAction\",\"target\":[\"https:\\\/\\\/unconventionalatx.com\\\/contact-us\\\/\"]}]},{\"@type\":\"BreadcrumbList\",\"@id\":\"https:\\\/\\\/unconventionalatx.com\\\/contact-us\\\/#breadcrumb\",\"itemListElement\":[{\"@type\":\"ListItem\",\"position\":1,\"name\":\"Home\",\"item\":\"https:\\\/\\\/unconventionalatx.com\\\/\"},{\"@type\":\"ListItem\",\"position\":2,\"name\":\"Contact Us\"}]},{\"@type\":\"WebSite\",\"@id\":\"https:\\\/\\\/unconventionalatx.com\\\/#website\",\"url\":\"https:\\\/\\\/unconventionalatx.com\\\/\",\"name\":\"Austin CC\",\"description\":\"\",\"publisher\":{\"@id\":\"https:\\\/\\\/unconventionalatx.com\\\/#organization\"},\"potentialAction\":[{\"@type\":\"SearchAction\",\"target\":{\"@type\":\"EntryPoint\",\"urlTemplate\":\"https:\\\/\\\/unconventionalatx.com\\\/?s={search_term_string}\"},\"query-input\":{\"@type\":\"PropertyValueSpecification\",\"valueRequired\":true,\"valueName\":\"search_term_string\"}}],\"inLanguage\":\"vi\"},{\"@type\":\"Organization\",\"@id\":\"https:\\\/\\\/unconventionalatx.com\\\/#organization\",\"name\":\"Austin CC\",\"url\":\"https:\\\/\\\/unconventionalatx.com\\\/\",\"logo\":{\"@type\":\"ImageObject\",\"inLanguage\":\"vi\",\"@id\":\"https:\\\/\\\/unconventionalatx.com\\\/#\\\/schema\\\/logo\\\/image\\\/\",\"url\":\"https:\\\/\\\/unconventionalatx.com\\\/wp-content\\\/uploads\\\/2024\\\/12\\\/UnconventionalATX-Black-Logo.png\",\"contentUrl\":\"https:\\\/\\\/unconventionalatx.com\\\/wp-content\\\/uploads\\\/2024\\\/12\\\/UnconventionalATX-Black-Logo.png\",\"width\":500,\"height\":85,\"caption\":\"Austin CC\"},\"image\":{\"@id\":\"https:\\\/\\\/unconventionalatx.com\\\/#\\\/schema\\\/logo\\\/image\\\/\"}}]}<\/script>\n<!-- \/ Yoast SEO plugin. -->","yoast_head_json":{"title":"Contact Us - Austin CC","robots":{"index":"index","follow":"follow","max-snippet":"max-snippet:-1","max-image-preview":"max-image-preview:large","max-video-preview":"max-video-preview:-1"},"canonical":"https:\/\/unconventionalatx.com\/vi\/contact-us\/","og_locale":"vi_VN","og_type":"article","og_title":"Contact Us - Austin CC","og_description":"Contact Us We want to hear from you Connect with us to ask questions, share concerns, and give suggestions.","og_url":"https:\/\/unconventionalatx.com\/vi\/contact-us\/","og_site_name":"Austin CC","article_modified_time":"2025-05-13T22:41:39+00:00","twitter_card":"summary_large_image","twitter_misc":{"\u01af\u1edbc t\u00ednh th\u1eddi gian \u0111\u1ecdc":"1 ph\u00fat"},"schema":{"@context":"https:\/\/schema.org","@graph":[{"@type":"WebPage","@id":"https:\/\/unconventionalatx.com\/contact-us\/","url":"https:\/\/unconventionalatx.com\/contact-us\/","name":"Contact Us - Austin CC","isPartOf":{"@id":"https:\/\/unconventionalatx.com\/#website"},"datePublished":"2025-01-15T14:04:21+00:00","dateModified":"2025-05-13T22:41:39+00:00","breadcrumb":{"@id":"https:\/\/unconventionalatx.com\/contact-us\/#breadcrumb"},"inLanguage":"vi","potentialAction":[{"@type":"ReadAction","target":["https:\/\/unconventionalatx.com\/contact-us\/"]}]},{"@type":"BreadcrumbList","@id":"https:\/\/unconventionalatx.com\/contact-us\/#breadcrumb","itemListElement":[{"@type":"ListItem","position":1,"name":"Home","item":"https:\/\/unconventionalatx.com\/"},{"@type":"ListItem","position":2,"name":"Contact Us"}]},{"@type":"WebSite","@id":"https:\/\/unconventionalatx.com\/#website","url":"https:\/\/unconventionalatx.com\/","name":"Khu \u0111\u00f4 th\u1ecb Austin","description":"","publisher":{"@id":"https:\/\/unconventionalatx.com\/#organization"},"potentialAction":[{"@type":"SearchAction","target":{"@type":"EntryPoint","urlTemplate":"https:\/\/unconventionalatx.com\/?s={search_term_string}"},"query-input":{"@type":"PropertyValueSpecification","valueRequired":true,"valueName":"search_term_string"}}],"inLanguage":"vi"},{"@type":"Organization","@id":"https:\/\/unconventionalatx.com\/#organization","name":"Khu \u0111\u00f4 th\u1ecb Austin","url":"https:\/\/unconventionalatx.com\/","logo":{"@type":"ImageObject","inLanguage":"vi","@id":"https:\/\/unconventionalatx.com\/#\/schema\/logo\/image\/","url":"https:\/\/unconventionalatx.com\/wp-content\/uploads\/2024\/12\/UnconventionalATX-Black-Logo.png","contentUrl":"https:\/\/unconventionalatx.com\/wp-content\/uploads\/2024\/12\/UnconventionalATX-Black-Logo.png","width":500,"height":85,"caption":"Austin CC"},"image":{"@id":"https:\/\/unconventionalatx.com\/#\/schema\/logo\/image\/"}}]}},"_links":{"self":[{"href":"https:\/\/unconventionalatx.com\/vi\/wp-json\/wp\/v2\/pages\/2100","targetHints":{"allow":["GET"]}}],"collection":[{"href":"https:\/\/unconventionalatx.com\/vi\/wp-json\/wp\/v2\/pages"}],"about":[{"href":"https:\/\/unconventionalatx.com\/vi\/wp-json\/wp\/v2\/types\/page"}],"author":[{"embeddable":true,"href":"https:\/\/unconventionalatx.com\/vi\/wp-json\/wp\/v2\/users\/6"}],"replies":[{"embeddable":true,"href":"https:\/\/unconventionalatx.com\/vi\/wp-json\/wp\/v2\/comments?post=2100"}],"version-history":[{"count":247,"href":"https:\/\/unconventionalatx.com\/vi\/wp-json\/wp\/v2\/pages\/2100\/revisions"}],"predecessor-version":[{"id":5618,"href":"https:\/\/unconventionalatx.com\/vi\/wp-json\/wp\/v2\/pages\/2100\/revisions\/5618"}],"wp:attachment":[{"href":"https:\/\/unconventionalatx.com\/vi\/wp-json\/wp\/v2\/media?parent=2100"}],"curies":[{"name":"wp","href":"https:\/\/api.w.org\/{rel}","templated":true}]}}