{"id":532,"date":"2024-12-20T08:57:27","date_gmt":"2024-12-20T14:57:27","guid":{"rendered":"https:\/\/unconventionalatx.com\/?page_id=532"},"modified":"2025-01-27T10:32:41","modified_gmt":"2025-01-27T16:32:41","slug":"terms-of-service","status":"publish","type":"page","link":"https:\/\/unconventionalatx.com\/fr\/terms-of-service\/","title":{"rendered":"Conditions d&#039;utilisation"},"content":{"rendered":"<div data-elementor-type=\"wp-page\" data-elementor-id=\"532\" class=\"elementor elementor-532\" data-elementor-post-type=\"page\">\n\t\t\t\t<div data-particle_enable=\"false\" data-particle-mobile-disabled=\"false\" class=\"elementor-element elementor-element-c8a006b e-flex e-con-boxed e-con e-parent\" data-id=\"c8a006b\" data-element_type=\"container\" data-e-type=\"container\" id=\"hero-angle-z\" data-settings=\"{&quot;background_background&quot;:&quot;classic&quot;,&quot;shape_divider_bottom&quot;:&quot;triangle-asymmetrical&quot;,&quot;shape_divider_bottom_negative&quot;:&quot;yes&quot;,&quot;jet_parallax_layout_list&quot;:[]}\">\n\t\t\t\t\t<div class=\"e-con-inner\">\n\t\t\t\t<div class=\"elementor-shape elementor-shape-bottom\" aria-hidden=\"true\" data-negative=\"true\">\n\t\t\t<svg xmlns=\"http:\/\/www.w3.org\/2000\/svg\" viewbox=\"0 0 1000 100\" preserveaspectratio=\"none\">\n\t<path class=\"elementor-shape-fill\" d=\"M737.9,94.7L0,0v100h1000V0L737.9,94.7z\"\/>\n<\/svg>\t\t<\/div>\n\t\t\t\t<div class=\"elementor-element elementor-element-837f689 elementor-widget elementor-widget-heading\" data-id=\"837f689\" data-element_type=\"widget\" data-e-type=\"widget\" data-widget_type=\"heading.default\">\n\t\t\t\t<div class=\"elementor-widget-container\">\n\t\t\t\t\t<h1 class=\"elementor-heading-title elementor-size-default\">Conditions d&#039;utilisation<\/h1>\t\t\t\t<\/div>\n\t\t\t\t<\/div>\n\t\t\t\t\t<\/div>\n\t\t\t\t<\/div>\n\t\t<div data-particle_enable=\"false\" data-particle-mobile-disabled=\"false\" class=\"elementor-element elementor-element-151b2ec7 e-flex e-con-boxed e-con e-parent\" data-id=\"151b2ec7\" data-element_type=\"container\" data-e-type=\"container\" data-settings=\"{&quot;jet_parallax_layout_list&quot;:[]}\">\n\t\t\t\t\t<div class=\"e-con-inner\">\n\t\t\t\t<div class=\"elementor-element elementor-element-9bf5263 elementor-widget elementor-widget-text-editor\" data-id=\"9bf5263\" data-element_type=\"widget\" data-e-type=\"widget\" data-widget_type=\"text-editor.default\">\n\t\t\t\t<div class=\"elementor-widget-container\">\n\t\t\t\t\t\t\t\t\t<p>Le d\u00e9partement du centre de congr\u00e8s d&#039;Austin, un d\u00e9partement d&#039;entreprise de la ville d&#039;Austin, supervise le contenu et le fonctionnement de <a href=\"https:\/\/unconventionalatx.com\/fr\/\">UnconventionalATX.com<\/a>. L&#039;ATX non conventionnel adh\u00e8re \u00e0 la loi de la ville d&#039;Austin\u00a0<a href=\"https:\/\/www.austintexas.gov\/page\/legal-notice\">Conditions d&#039;utilisation<\/a>.<\/p>\t\t\t\t\t\t\t\t<\/div>\n\t\t\t\t<\/div>\n\t\t\t\t\t<\/div>\n\t\t\t\t<\/div>\n\t\t<div data-particle_enable=\"false\" data-particle-mobile-disabled=\"false\" class=\"elementor-element elementor-element-ac8baf0 e-con-full e-flex e-con e-parent\" data-id=\"ac8baf0\" data-element_type=\"container\" data-e-type=\"container\" data-settings=\"{&quot;jet_parallax_layout_list&quot;:[]}\">\n\t\t\t\t<div class=\"elementor-element elementor-element-c788216 elementor-widget elementor-widget-spacer\" data-id=\"c788216\" data-element_type=\"widget\" data-e-type=\"widget\" data-widget_type=\"spacer.default\">\n\t\t\t\t<div class=\"elementor-widget-container\">\n\t\t\t\t\t\t\t<div class=\"elementor-spacer\">\n\t\t\t<div class=\"elementor-spacer-inner\"><\/div>\n\t\t<\/div>\n\t\t\t\t\t\t<\/div>\n\t\t\t\t<\/div>\n\t\t\t\t<\/div>\n\t\t\t\t<\/div>","protected":false},"excerpt":{"rendered":"<p>Terms of Service The Austin Convention Center Department, an enterprise department of the City of Austin, oversees the content and operation of UnconventionalATX.com. Unconventional ATX adheres to the City of Austin&#8217;s\u00a0Terms of Services.<\/p>","protected":false},"author":1,"featured_media":0,"parent":0,"menu_order":0,"comment_status":"closed","ping_status":"open","template":"","meta":{"footnotes":""},"class_list":["post-532","page","type-page","status-publish","hentry"],"yoast_head":"<!-- This site is optimized with the Yoast SEO plugin v27.4 - https:\/\/yoast.com\/product\/yoast-seo-wordpress\/ -->\n<title>Terms of Service - Austin CC<\/title>\n<meta name=\"robots\" content=\"index, follow, max-snippet:-1, max-image-preview:large, max-video-preview:-1\" \/>\n<link rel=\"canonical\" href=\"https:\/\/unconventionalatx.com\/fr\/terms-of-service\/\" \/>\n<meta property=\"og:locale\" content=\"fr_FR\" \/>\n<meta property=\"og:type\" content=\"article\" \/>\n<meta property=\"og:title\" content=\"Terms of Service - Austin CC\" \/>\n<meta property=\"og:description\" content=\"Terms of Service The Austin Convention Center Department, an enterprise department of the City of Austin, oversees the content and operation of UnconventionalATX.com. Unconventional ATX adheres to the City of Austin&#8217;s\u00a0Terms of Services.\" \/>\n<meta property=\"og:url\" content=\"https:\/\/unconventionalatx.com\/fr\/terms-of-service\/\" \/>\n<meta property=\"og:site_name\" content=\"Austin CC\" \/>\n<meta property=\"article:modified_time\" content=\"2025-01-27T16:32:41+00:00\" \/>\n<meta name=\"twitter:card\" content=\"summary_large_image\" \/>\n<meta name=\"twitter:label1\" content=\"Dur\u00e9e de lecture estim\u00e9e\" \/>\n\t<meta name=\"twitter:data1\" content=\"1 minute\" \/>\n<script type=\"application\/ld+json\" class=\"yoast-schema-graph\">{\"@context\":\"https:\\\/\\\/schema.org\",\"@graph\":[{\"@type\":\"WebPage\",\"@id\":\"https:\\\/\\\/unconventionalatx.com\\\/terms-of-service\\\/\",\"url\":\"https:\\\/\\\/unconventionalatx.com\\\/terms-of-service\\\/\",\"name\":\"Terms of Service - Austin CC\",\"isPartOf\":{\"@id\":\"https:\\\/\\\/unconventionalatx.com\\\/#website\"},\"datePublished\":\"2024-12-20T14:57:27+00:00\",\"dateModified\":\"2025-01-27T16:32:41+00:00\",\"breadcrumb\":{\"@id\":\"https:\\\/\\\/unconventionalatx.com\\\/terms-of-service\\\/#breadcrumb\"},\"inLanguage\":\"fr-FR\",\"potentialAction\":[{\"@type\":\"ReadAction\",\"target\":[\"https:\\\/\\\/unconventionalatx.com\\\/terms-of-service\\\/\"]}]},{\"@type\":\"BreadcrumbList\",\"@id\":\"https:\\\/\\\/unconventionalatx.com\\\/terms-of-service\\\/#breadcrumb\",\"itemListElement\":[{\"@type\":\"ListItem\",\"position\":1,\"name\":\"Home\",\"item\":\"https:\\\/\\\/unconventionalatx.com\\\/\"},{\"@type\":\"ListItem\",\"position\":2,\"name\":\"Terms of Service\"}]},{\"@type\":\"WebSite\",\"@id\":\"https:\\\/\\\/unconventionalatx.com\\\/#website\",\"url\":\"https:\\\/\\\/unconventionalatx.com\\\/\",\"name\":\"Austin CC\",\"description\":\"\",\"publisher\":{\"@id\":\"https:\\\/\\\/unconventionalatx.com\\\/#organization\"},\"potentialAction\":[{\"@type\":\"SearchAction\",\"target\":{\"@type\":\"EntryPoint\",\"urlTemplate\":\"https:\\\/\\\/unconventionalatx.com\\\/?s={search_term_string}\"},\"query-input\":{\"@type\":\"PropertyValueSpecification\",\"valueRequired\":true,\"valueName\":\"search_term_string\"}}],\"inLanguage\":\"fr-FR\"},{\"@type\":\"Organization\",\"@id\":\"https:\\\/\\\/unconventionalatx.com\\\/#organization\",\"name\":\"Austin CC\",\"url\":\"https:\\\/\\\/unconventionalatx.com\\\/\",\"logo\":{\"@type\":\"ImageObject\",\"inLanguage\":\"fr-FR\",\"@id\":\"https:\\\/\\\/unconventionalatx.com\\\/#\\\/schema\\\/logo\\\/image\\\/\",\"url\":\"https:\\\/\\\/unconventionalatx.com\\\/wp-content\\\/uploads\\\/2024\\\/12\\\/UnconventionalATX-Black-Logo.png\",\"contentUrl\":\"https:\\\/\\\/unconventionalatx.com\\\/wp-content\\\/uploads\\\/2024\\\/12\\\/UnconventionalATX-Black-Logo.png\",\"width\":500,\"height\":85,\"caption\":\"Austin CC\"},\"image\":{\"@id\":\"https:\\\/\\\/unconventionalatx.com\\\/#\\\/schema\\\/logo\\\/image\\\/\"}}]}<\/script>\n<!-- \/ Yoast SEO plugin. -->","yoast_head_json":{"title":"Terms of Service - Austin CC","robots":{"index":"index","follow":"follow","max-snippet":"max-snippet:-1","max-image-preview":"max-image-preview:large","max-video-preview":"max-video-preview:-1"},"canonical":"https:\/\/unconventionalatx.com\/fr\/terms-of-service\/","og_locale":"fr_FR","og_type":"article","og_title":"Terms of Service - Austin CC","og_description":"Terms of Service The Austin Convention Center Department, an enterprise department of the City of Austin, oversees the content and operation of UnconventionalATX.com. Unconventional ATX adheres to the City of Austin&#8217;s\u00a0Terms of Services.","og_url":"https:\/\/unconventionalatx.com\/fr\/terms-of-service\/","og_site_name":"Austin CC","article_modified_time":"2025-01-27T16:32:41+00:00","twitter_card":"summary_large_image","twitter_misc":{"Dur\u00e9e de lecture estim\u00e9e":"1 minute"},"schema":{"@context":"https:\/\/schema.org","@graph":[{"@type":"WebPage","@id":"https:\/\/unconventionalatx.com\/terms-of-service\/","url":"https:\/\/unconventionalatx.com\/terms-of-service\/","name":"Terms of Service - Austin CC","isPartOf":{"@id":"https:\/\/unconventionalatx.com\/#website"},"datePublished":"2024-12-20T14:57:27+00:00","dateModified":"2025-01-27T16:32:41+00:00","breadcrumb":{"@id":"https:\/\/unconventionalatx.com\/terms-of-service\/#breadcrumb"},"inLanguage":"fr-FR","potentialAction":[{"@type":"ReadAction","target":["https:\/\/unconventionalatx.com\/terms-of-service\/"]}]},{"@type":"BreadcrumbList","@id":"https:\/\/unconventionalatx.com\/terms-of-service\/#breadcrumb","itemListElement":[{"@type":"ListItem","position":1,"name":"Home","item":"https:\/\/unconventionalatx.com\/"},{"@type":"ListItem","position":2,"name":"Terms of Service"}]},{"@type":"WebSite","@id":"https:\/\/unconventionalatx.com\/#website","url":"https:\/\/unconventionalatx.com\/","name":"Austin CC","description":"","publisher":{"@id":"https:\/\/unconventionalatx.com\/#organization"},"potentialAction":[{"@type":"SearchAction","target":{"@type":"EntryPoint","urlTemplate":"https:\/\/unconventionalatx.com\/?s={search_term_string}"},"query-input":{"@type":"PropertyValueSpecification","valueRequired":true,"valueName":"search_term_string"}}],"inLanguage":"fr-FR"},{"@type":"Organization","@id":"https:\/\/unconventionalatx.com\/#organization","name":"Austin CC","url":"https:\/\/unconventionalatx.com\/","logo":{"@type":"ImageObject","inLanguage":"fr-FR","@id":"https:\/\/unconventionalatx.com\/#\/schema\/logo\/image\/","url":"https:\/\/unconventionalatx.com\/wp-content\/uploads\/2024\/12\/UnconventionalATX-Black-Logo.png","contentUrl":"https:\/\/unconventionalatx.com\/wp-content\/uploads\/2024\/12\/UnconventionalATX-Black-Logo.png","width":500,"height":85,"caption":"Austin CC"},"image":{"@id":"https:\/\/unconventionalatx.com\/#\/schema\/logo\/image\/"}}]}},"_links":{"self":[{"href":"https:\/\/unconventionalatx.com\/fr\/wp-json\/wp\/v2\/pages\/532","targetHints":{"allow":["GET"]}}],"collection":[{"href":"https:\/\/unconventionalatx.com\/fr\/wp-json\/wp\/v2\/pages"}],"about":[{"href":"https:\/\/unconventionalatx.com\/fr\/wp-json\/wp\/v2\/types\/page"}],"author":[{"embeddable":true,"href":"https:\/\/unconventionalatx.com\/fr\/wp-json\/wp\/v2\/users\/1"}],"replies":[{"embeddable":true,"href":"https:\/\/unconventionalatx.com\/fr\/wp-json\/wp\/v2\/comments?post=532"}],"version-history":[{"count":31,"href":"https:\/\/unconventionalatx.com\/fr\/wp-json\/wp\/v2\/pages\/532\/revisions"}],"predecessor-version":[{"id":3496,"href":"https:\/\/unconventionalatx.com\/fr\/wp-json\/wp\/v2\/pages\/532\/revisions\/3496"}],"wp:attachment":[{"href":"https:\/\/unconventionalatx.com\/fr\/wp-json\/wp\/v2\/media?parent=532"}],"curies":[{"name":"wp","href":"https:\/\/api.w.org\/{rel}","templated":true}]}}